{"id":1137,"date":"2023-10-19T17:01:37","date_gmt":"2023-10-19T15:01:37","guid":{"rendered":"https:\/\/teduka.es\/?post_type=product&#038;p=1137"},"modified":"2024-03-19T13:34:25","modified_gmt":"2024-03-19T12:34:25","slug":"revenue-management-english","status":"publish","type":"product","link":"https:\/\/teduka.es\/pt-pt\/producto\/revenue-management-english\/","title":{"rendered":"Revenue Management (English)"},"content":{"rendered":"<p>Programa criado pela The School of Revenue, uma forma\u00e7\u00e3o valiosa condensada nos seguintes m\u00f3dulos:<\/p>\n<ul>\n<li>Fundamentos do Revenue Management<\/li>\n<li>Compreender os dados<\/li>\n<li>Conhecer os seus clientes<\/li>\n<li>Compreender o seu campo de a\u00e7\u00e3o<\/li>\n<li>Previs\u00e3o e or\u00e7amenta\u00e7\u00e3o<\/li>\n<li>Fixa\u00e7\u00e3o de pre\u00e7os<\/li>\n<li>T\u00e1cticas de gest\u00e3o de receitas<\/li>\n<li>O Revenue Manager<\/li>\n<\/ul>\n<p>B\u00f3nus:<\/p>\n<ul>\n<li>Introdu\u00e7\u00e3o ao Revenue Management dos restaurantes<\/li>\n<li>Introdu\u00e7\u00e3o ao Upsell<\/li>\n<\/ul>\n","protected":false},"excerpt":{"rendered":"<p>Programa criado pela The School of Revenue, uma forma\u00e7\u00e3o valiosa condensada nos seguintes m\u00f3dulos.<\/p>\n","protected":false},"featured_media":901,"template":"","meta":[],"product_brand":[],"product_cat":[35],"product_tag":[],"class_list":{"0":"post-1137","1":"product","2":"type-product","3":"status-publish","4":"has-post-thumbnail","6":"product_cat-sem-categoria","8":"first","9":"outofstock","10":"virtual","11":"sold-individually","12":"purchasable","13":"product-type-simple"},"acf":[],"_links":{"self":[{"href":"https:\/\/teduka.es\/pt-pt\/wp-json\/wp\/v2\/product\/1137","targetHints":{"allow":["GET"]}}],"collection":[{"href":"https:\/\/teduka.es\/pt-pt\/wp-json\/wp\/v2\/product"}],"about":[{"href":"https:\/\/teduka.es\/pt-pt\/wp-json\/wp\/v2\/types\/product"}],"wp:featuredmedia":[{"embeddable":true,"href":"https:\/\/teduka.es\/pt-pt\/wp-json\/wp\/v2\/media\/901"}],"wp:attachment":[{"href":"https:\/\/teduka.es\/pt-pt\/wp-json\/wp\/v2\/media?parent=1137"}],"wp:term":[{"taxonomy":"product_brand","embeddable":true,"href":"https:\/\/teduka.es\/pt-pt\/wp-json\/wp\/v2\/product_brand?post=1137"},{"taxonomy":"product_cat","embeddable":true,"href":"https:\/\/teduka.es\/pt-pt\/wp-json\/wp\/v2\/product_cat?post=1137"},{"taxonomy":"product_tag","embeddable":true,"href":"https:\/\/teduka.es\/pt-pt\/wp-json\/wp\/v2\/product_tag?post=1137"}],"curies":[{"name":"wp","href":"https:\/\/api.w.org\/{rel}","templated":true}]}}