{"id":1139,"date":"2023-10-19T16:59:47","date_gmt":"2023-10-19T14:59:47","guid":{"rendered":"https:\/\/teduka.es\/?post_type=product&#038;p=1139"},"modified":"2024-03-19T13:35:09","modified_gmt":"2024-03-19T12:35:09","slug":"gestao-de-spas","status":"publish","type":"product","link":"https:\/\/teduka.es\/pt-pt\/producto\/gestao-de-spas\/","title":{"rendered":"Gest\u00e3o de spas"},"content":{"rendered":"<p>Uma boa gest\u00e3o de spa do ponto de vista da efici\u00eancia de custos, gest\u00e3o de equipas e maximiza\u00e7\u00e3o de receitas \u00e9 fundamental e pode ser o que faz a diferen\u00e7a entre um centro de custos ou um fant\u00e1stico gerador de receitas complementares.<\/p>\n<p>Para o efeito, a Teduka associou-se a Luc\u00eda Peris, uma consultora independente com mais de 20 anos de experi\u00eancia na gest\u00e3o de spas a n\u00edvel nacional e internacional, bem como uma especialista no desenvolvimento de produtos e conceitos.<\/p>\n<ul>\n<li>Gest\u00e3o de receitas de spa<\/li>\n<li>RevPATH, KPIs e an\u00e1lise<\/li>\n<li>Segmenta\u00e7\u00e3o da procura<\/li>\n<li>Conjunto de componentes<\/li>\n<li>An\u00e1lise SWOT<\/li>\n<li>Como elaborar um plano de neg\u00f3cios<\/li>\n<li>Plano de promo\u00e7\u00f5es do spa<\/li>\n<li>Plano de marketing<\/li>\n<li>Or\u00e7amenta\u00e7\u00e3o<\/li>\n<\/ul>\n<p>&nbsp;<\/p>\n","protected":false},"excerpt":{"rendered":"<p>Uma boa gest\u00e3o do spa em termos de efici\u00eancia de custos, gest\u00e3o de equipas e maximiza\u00e7\u00e3o de receitas \u00e9 fundamental e pode fazer a diferen\u00e7a entre um centro de custos ou um fant\u00e1stico gerador de receitas auxiliares.<\/p>\n","protected":false},"featured_media":940,"template":"","meta":[],"product_brand":[],"product_cat":[35],"product_tag":[],"class_list":{"0":"post-1139","1":"product","2":"type-product","3":"status-publish","4":"has-post-thumbnail","6":"product_cat-sem-categoria","8":"first","9":"instock","10":"virtual","11":"sold-individually","12":"purchasable","13":"product-type-simple"},"acf":[],"_links":{"self":[{"href":"https:\/\/teduka.es\/pt-pt\/wp-json\/wp\/v2\/product\/1139","targetHints":{"allow":["GET"]}}],"collection":[{"href":"https:\/\/teduka.es\/pt-pt\/wp-json\/wp\/v2\/product"}],"about":[{"href":"https:\/\/teduka.es\/pt-pt\/wp-json\/wp\/v2\/types\/product"}],"wp:featuredmedia":[{"embeddable":true,"href":"https:\/\/teduka.es\/pt-pt\/wp-json\/wp\/v2\/media\/940"}],"wp:attachment":[{"href":"https:\/\/teduka.es\/pt-pt\/wp-json\/wp\/v2\/media?parent=1139"}],"wp:term":[{"taxonomy":"product_brand","embeddable":true,"href":"https:\/\/teduka.es\/pt-pt\/wp-json\/wp\/v2\/product_brand?post=1139"},{"taxonomy":"product_cat","embeddable":true,"href":"https:\/\/teduka.es\/pt-pt\/wp-json\/wp\/v2\/product_cat?post=1139"},{"taxonomy":"product_tag","embeddable":true,"href":"https:\/\/teduka.es\/pt-pt\/wp-json\/wp\/v2\/product_tag?post=1139"}],"curies":[{"name":"wp","href":"https:\/\/api.w.org\/{rel}","templated":true}]}}