{"id":1141,"date":"2023-10-19T16:54:29","date_gmt":"2023-10-19T14:54:29","guid":{"rendered":"https:\/\/teduka.es\/?post_type=product&#038;p=1141"},"modified":"2024-03-19T13:36:26","modified_gmt":"2024-03-19T12:36:26","slug":"gestao-hoteleira-urbana-o-equilibrio-entre-o-gestor-e-o-anfitriao","status":"publish","type":"product","link":"https:\/\/teduka.es\/pt-pt\/producto\/gestao-hoteleira-urbana-o-equilibrio-entre-o-gestor-e-o-anfitriao\/","title":{"rendered":"GEST\u00c3O HOTELEIRA URBANA. O equil\u00edbrio entre o gestor e o anfitri\u00e3o."},"content":{"rendered":"<p>Neste curso veremos as ferramentas chave para a gest\u00e3o eficiente do nosso Hotel.<\/p>\n<p>Come\u00e7aremos com uma reflex\u00e3o sobre o produto e os servi\u00e7os que queremos oferecer aos nossos clientes, a fim de controlar a forma como as nossas decis\u00f5es se reflectem na conta de explora\u00e7\u00e3o.<\/p>\n<p>Aprender\u00e1 a elaborar um or\u00e7amento, a fazer o seu acompanhamento e a gerir as chaves do controlo de gest\u00e3o.<\/p>\n<p>Veremos como gerir n\u00e3o s\u00f3 o alojamento, mas tamb\u00e9m \u00e1reas t\u00e3o delicadas como o F&amp;B, a cria\u00e7\u00e3o da oferta gastron\u00f3mica, os recursos humanos e, em geral, todas as \u00e1reas de um neg\u00f3cio t\u00e3o complexo como um hotel.<\/p>\n<p>Embora eu diga sempre que o nosso trabalho se pode resumir a tr\u00eas tarefas: vender muito, gastar pouco e garantir a qualidade do servi\u00e7o, vamos complicar um pouco estas tarefas. Vamos procurar um equil\u00edbrio entre o gestor e o anfitri\u00e3o.<\/p>\n","protected":false},"excerpt":{"rendered":"<p>Neste curso, veremos as principais ferramentas para uma gest\u00e3o eficiente do nosso Hotel.<\/p>\n","protected":false},"featured_media":911,"template":"","meta":[],"product_brand":[],"product_cat":[35],"product_tag":[],"class_list":{"0":"post-1141","1":"product","2":"type-product","3":"status-publish","4":"has-post-thumbnail","6":"product_cat-sem-categoria","8":"first","9":"instock","10":"virtual","11":"sold-individually","12":"purchasable","13":"product-type-simple"},"acf":[],"_links":{"self":[{"href":"https:\/\/teduka.es\/pt-pt\/wp-json\/wp\/v2\/product\/1141","targetHints":{"allow":["GET"]}}],"collection":[{"href":"https:\/\/teduka.es\/pt-pt\/wp-json\/wp\/v2\/product"}],"about":[{"href":"https:\/\/teduka.es\/pt-pt\/wp-json\/wp\/v2\/types\/product"}],"wp:featuredmedia":[{"embeddable":true,"href":"https:\/\/teduka.es\/pt-pt\/wp-json\/wp\/v2\/media\/911"}],"wp:attachment":[{"href":"https:\/\/teduka.es\/pt-pt\/wp-json\/wp\/v2\/media?parent=1141"}],"wp:term":[{"taxonomy":"product_brand","embeddable":true,"href":"https:\/\/teduka.es\/pt-pt\/wp-json\/wp\/v2\/product_brand?post=1141"},{"taxonomy":"product_cat","embeddable":true,"href":"https:\/\/teduka.es\/pt-pt\/wp-json\/wp\/v2\/product_cat?post=1141"},{"taxonomy":"product_tag","embeddable":true,"href":"https:\/\/teduka.es\/pt-pt\/wp-json\/wp\/v2\/product_tag?post=1141"}],"curies":[{"name":"wp","href":"https:\/\/api.w.org\/{rel}","templated":true}]}}