{"id":1142,"date":"2023-10-19T16:53:38","date_gmt":"2023-10-19T14:53:38","guid":{"rendered":"https:\/\/teduka.es\/?post_type=product&#038;p=1142"},"modified":"2024-03-19T13:37:08","modified_gmt":"2024-03-19T12:37:08","slug":"curso-de-expansao-hoteleira-tudo-o-que-precisa-de-saber-para-uma-expansao-hoteleira-optima","status":"publish","type":"product","link":"https:\/\/teduka.es\/pt-pt\/producto\/curso-de-expansao-hoteleira-tudo-o-que-precisa-de-saber-para-uma-expansao-hoteleira-optima\/","title":{"rendered":"CURSO DE EXPANS\u00c3O HOTELEIRA &#8211; Tudo o que precisa de saber para uma expans\u00e3o hoteleira \u00f3ptima"},"content":{"rendered":"<p>Neste curso, analisaremos tudo o que est\u00e1 relacionado com o mundo do investimento e da expans\u00e3o das empresas de alojamento.<\/p>\n<p>Do geral ao espec\u00edfico, estudaremos dados intersectoriais para compreender a tomada de decis\u00f5es empresariais de todas as perspectivas: o comprador, o vendedor, o gestor e outros pap\u00e9is no sector.<\/p>\n<p>Poder\u00e1 aprender todos os truques para desenvolver uma poderosa rede de contactos que, em \u00faltima an\u00e1lise, o ajudar\u00e1 a identificar oportunidades de forma mais eficaz.<\/p>\n<p>Analisaremos todo o processo em pormenor, desde a pesquisa de mercado at\u00e9 \u00e0 assinatura do contrato.<\/p>\n<p>Com este curso, poder\u00e1 obter conhecimentos globais e vers\u00e1teis para os aplicar a diferentes modelos de neg\u00f3cios tur\u00edsticos.<\/p>\n","protected":false},"excerpt":{"rendered":"<p>Neste curso, abordaremos tudo o que est\u00e1 relacionado com o mundo do investimento e da expans\u00e3o das empresas de alojamento.<\/p>\n","protected":false},"featured_media":912,"template":"","meta":[],"product_brand":[],"product_cat":[35],"product_tag":[],"class_list":{"0":"post-1142","1":"product","2":"type-product","3":"status-publish","4":"has-post-thumbnail","6":"product_cat-sem-categoria","8":"first","9":"instock","10":"virtual","11":"sold-individually","12":"purchasable","13":"product-type-simple"},"acf":[],"_links":{"self":[{"href":"https:\/\/teduka.es\/pt-pt\/wp-json\/wp\/v2\/product\/1142","targetHints":{"allow":["GET"]}}],"collection":[{"href":"https:\/\/teduka.es\/pt-pt\/wp-json\/wp\/v2\/product"}],"about":[{"href":"https:\/\/teduka.es\/pt-pt\/wp-json\/wp\/v2\/types\/product"}],"wp:featuredmedia":[{"embeddable":true,"href":"https:\/\/teduka.es\/pt-pt\/wp-json\/wp\/v2\/media\/912"}],"wp:attachment":[{"href":"https:\/\/teduka.es\/pt-pt\/wp-json\/wp\/v2\/media?parent=1142"}],"wp:term":[{"taxonomy":"product_brand","embeddable":true,"href":"https:\/\/teduka.es\/pt-pt\/wp-json\/wp\/v2\/product_brand?post=1142"},{"taxonomy":"product_cat","embeddable":true,"href":"https:\/\/teduka.es\/pt-pt\/wp-json\/wp\/v2\/product_cat?post=1142"},{"taxonomy":"product_tag","embeddable":true,"href":"https:\/\/teduka.es\/pt-pt\/wp-json\/wp\/v2\/product_tag?post=1142"}],"curies":[{"name":"wp","href":"https:\/\/api.w.org\/{rel}","templated":true}]}}