{"id":1143,"date":"2023-10-19T10:47:51","date_gmt":"2023-10-19T08:47:51","guid":{"rendered":"https:\/\/teduka.es\/?post_type=product&#038;p=1143"},"modified":"2024-03-19T13:37:59","modified_gmt":"2024-03-19T12:37:59","slug":"controlo-de-gestao-em-operacoes-hoteleiras-o-modelo-hcc","status":"publish","type":"product","link":"https:\/\/teduka.es\/pt-pt\/producto\/controlo-de-gestao-em-operacoes-hoteleiras-o-modelo-hcc\/","title":{"rendered":"CONTROLO DE GEST\u00c3O EM OPERA\u00c7\u00d5ES HOTELEIRAS &#8211; O modelo HCC"},"content":{"rendered":"<p>Um modelo de gest\u00e3o exclusivo, uma vis\u00e3o completa na qual pode realizar as seguintes actividades:<\/p>\n<ul>\n<li>Converter os dados do seu Hotel em informa\u00e7\u00e3o exacta e eficaz.<\/li>\n<li>Conhecer e antecipar o comportamento do neg\u00f3cio hoteleiro.<\/li>\n<li>Aplicar t\u00e9cnicas de Business Intelligence nas diferentes \u00e1reas.<\/li>\n<li>Medir o impacto das suas decis\u00f5es nos resultados.<\/li>\n<li>Prever eficazmente os estados futuros.<\/li>\n<li>Aplicar um modelo preciso de Controlo de Gest\u00e3o na sua Organiza\u00e7\u00e3o.<\/li>\n<li>Identificar as necessidades de cada um dos Departamentos.<\/li>\n<li>Focalizar as necessidades de investimento e medir o retorno econ\u00f3mico.<\/li>\n<li>Aconselhar e\/ou gerir mais eficazmente a \u00e1rea de Opera\u00e7\u00f5es.<\/li>\n<li>Elevar a sua estrat\u00e9gia de Revenue&amp;Marketing&amp;Pricing a outro n\u00edvel.<\/li>\n<\/ul>\n","protected":false},"excerpt":{"rendered":"<p>Um modelo de gest\u00e3o \u00fanico, uma vis\u00e3o completa.<\/p>\n","protected":false},"featured_media":914,"template":"","meta":[],"product_brand":[],"product_cat":[35],"product_tag":[],"class_list":{"0":"post-1143","1":"product","2":"type-product","3":"status-publish","4":"has-post-thumbnail","6":"product_cat-sem-categoria","8":"first","9":"instock","10":"virtual","11":"sold-individually","12":"purchasable","13":"product-type-simple"},"acf":[],"_links":{"self":[{"href":"https:\/\/teduka.es\/pt-pt\/wp-json\/wp\/v2\/product\/1143","targetHints":{"allow":["GET"]}}],"collection":[{"href":"https:\/\/teduka.es\/pt-pt\/wp-json\/wp\/v2\/product"}],"about":[{"href":"https:\/\/teduka.es\/pt-pt\/wp-json\/wp\/v2\/types\/product"}],"wp:featuredmedia":[{"embeddable":true,"href":"https:\/\/teduka.es\/pt-pt\/wp-json\/wp\/v2\/media\/914"}],"wp:attachment":[{"href":"https:\/\/teduka.es\/pt-pt\/wp-json\/wp\/v2\/media?parent=1143"}],"wp:term":[{"taxonomy":"product_brand","embeddable":true,"href":"https:\/\/teduka.es\/pt-pt\/wp-json\/wp\/v2\/product_brand?post=1143"},{"taxonomy":"product_cat","embeddable":true,"href":"https:\/\/teduka.es\/pt-pt\/wp-json\/wp\/v2\/product_cat?post=1143"},{"taxonomy":"product_tag","embeddable":true,"href":"https:\/\/teduka.es\/pt-pt\/wp-json\/wp\/v2\/product_tag?post=1143"}],"curies":[{"name":"wp","href":"https:\/\/api.w.org\/{rel}","templated":true}]}}