{"id":1146,"date":"2024-05-12T12:58:32","date_gmt":"2024-05-12T10:58:32","guid":{"rendered":"https:\/\/teduka.es\/?post_type=product&#038;p=1146"},"modified":"2024-05-12T13:13:25","modified_gmt":"2024-05-12T11:13:25","slug":"fundamentos-de-bi-copia","status":"publish","type":"product","link":"https:\/\/teduka.es\/pt-pt\/producto\/fundamentos-de-bi-copia\/","title":{"rendered":"Fundamentos de BI (copia)"},"content":{"rendered":"<p><b>Domine a ferramenta l\u00edder de Business Intelligence e tome decis\u00f5es de neg\u00f3cios mais inteligentes.<\/b><\/p>\n<p><span style=\"font-weight: 400;\">Este programa oferece uma introdu\u00e7\u00e3o completa ao Power BI, a plataforma Microsoft com a qual voc\u00ea aprender\u00e1 a criar relat\u00f3rios e dashboards para converter os seus dados em informa\u00e7\u00f5es \u00fateis e tomar decis\u00f5es estrat\u00e9gicas.<\/span><\/p>\n<p><span style=\"font-weight: 400;\">Forma\u00e7\u00e3o ass\u00edncrono, no seu ritmo. Onde voc\u00ea tamb\u00e9m n\u00e3o estar\u00e1 sozinho, poder\u00e1 compartilhar todas as suas d\u00favidas e saber todas as novidades sobre tecnologia atrav\u00e9s da nossa Comunidade Yammer.<\/span><\/p>\n<p>&nbsp;<\/p>\n<p><span style=\"font-weight: 400;\">30 horas de forma\u00e7\u00e3o, onde voc\u00ea ter\u00e1 acesso a aulas gravadas, explica\u00e7\u00f5es te\u00f3ricas, exerc\u00edcios para colocar em pr\u00e1tica as fun\u00e7\u00f5es e testes finais de cada m\u00f3dulo.Veremos:<\/span><\/p>\n<p>&nbsp;<\/p>\n<ul>\n<li style=\"font-weight: 400;\" aria-level=\"1\"><span style=\"font-weight: 400;\">Introdu\u00e7\u00e3o a Power BI<\/span><\/li>\n<li style=\"font-weight: 400;\" aria-level=\"1\"><span style=\"font-weight: 400;\">Introdu\u00e7\u00e3o a Power Query<\/span><\/li>\n<li style=\"font-weight: 400;\" aria-level=\"1\"><span style=\"font-weight: 400;\">Fundamentos de Modelado<\/span><\/li>\n<li style=\"font-weight: 400;\" aria-level=\"1\"><span style=\"font-weight: 400;\">Introdu\u00e7\u00e3o a DAX<\/span><\/li>\n<li style=\"font-weight: 400;\" aria-level=\"1\"><span style=\"font-weight: 400;\">Fundamentos de Reporting Empresarial I<\/span><\/li>\n<li style=\"font-weight: 400;\" aria-level=\"1\"><span style=\"font-weight: 400;\">Fundamentos de Reporting Empresarial II<\/span><\/li>\n<li style=\"font-weight: 400;\" aria-level=\"1\"><span style=\"font-weight: 400;\">Servi\u00e7os de Power BI<\/span><\/li>\n<li style=\"font-weight: 400;\" aria-level=\"1\"><span style=\"font-weight: 400;\">Modelo de vendas b\u00e1sico: de 0 a 100<\/span><\/li>\n<\/ul>\n","protected":false},"excerpt":{"rendered":"<p>Domine a ferramenta l\u00edder de Business Intelligence e tome decis\u00f5es de neg\u00f3cios mais inteligentes. Este programa oferece uma introdu\u00e7\u00e3o completa ao Power BI, a plataforma Microsoft com a qual voc\u00ea aprender\u00e1 a criar relat\u00f3rios e dashboards para converter os seus dados em informa\u00e7\u00f5es \u00fateis e tomar decis\u00f5es estrat\u00e9gicas. Forma\u00e7\u00e3o ass\u00edncrono, no seu ritmo. Onde voc\u00ea [&hellip;]<\/p>\n","protected":false},"featured_media":1148,"template":"","meta":[],"product_brand":[],"product_cat":[35],"product_tag":[],"class_list":{"0":"post-1146","1":"product","2":"type-product","3":"status-publish","4":"has-post-thumbnail","6":"product_cat-sem-categoria","8":"first","9":"instock","10":"virtual","11":"sold-individually","12":"purchasable","13":"product-type-simple"},"acf":[],"_links":{"self":[{"href":"https:\/\/teduka.es\/pt-pt\/wp-json\/wp\/v2\/product\/1146","targetHints":{"allow":["GET"]}}],"collection":[{"href":"https:\/\/teduka.es\/pt-pt\/wp-json\/wp\/v2\/product"}],"about":[{"href":"https:\/\/teduka.es\/pt-pt\/wp-json\/wp\/v2\/types\/product"}],"wp:featuredmedia":[{"embeddable":true,"href":"https:\/\/teduka.es\/pt-pt\/wp-json\/wp\/v2\/media\/1148"}],"wp:attachment":[{"href":"https:\/\/teduka.es\/pt-pt\/wp-json\/wp\/v2\/media?parent=1146"}],"wp:term":[{"taxonomy":"product_brand","embeddable":true,"href":"https:\/\/teduka.es\/pt-pt\/wp-json\/wp\/v2\/product_brand?post=1146"},{"taxonomy":"product_cat","embeddable":true,"href":"https:\/\/teduka.es\/pt-pt\/wp-json\/wp\/v2\/product_cat?post=1146"},{"taxonomy":"product_tag","embeddable":true,"href":"https:\/\/teduka.es\/pt-pt\/wp-json\/wp\/v2\/product_tag?post=1146"}],"curies":[{"name":"wp","href":"https:\/\/api.w.org\/{rel}","templated":true}]}}